{"id":716,"date":"2024-10-17T06:45:24","date_gmt":"2024-10-17T06:45:24","guid":{"rendered":"https:\/\/globalmarzpoint.eu\/?page_id=716"},"modified":"2025-04-29T08:21:57","modified_gmt":"2025-04-29T08:21:57","slug":"politica-de-cookies","status":"publish","type":"page","link":"https:\/\/globalmarzpoint.eu\/en\/politica-de-cookies\/","title":{"rendered":"Pol\u00edtica de Cookies"},"content":{"rendered":"<p>[et_pb_section fb_built=\u00bb1&#8243; _builder_version=\u00bb4.27.0&#8243; _module_preset=\u00bbdefault\u00bb custom_padding=\u00bb100px||22px|||\u00bb global_colors_info=\u00bb{}\u00bb][et_pb_row _builder_version=\u00bb4.27.0&#8243; _module_preset=\u00bbdefault\u00bb width=\u00bb95%\u00bb max_width=\u00bb95%\u00bb custom_margin=\u00bb|auto|12px|auto||\u00bb custom_padding=\u00bb14px||5px|||\u00bb global_colors_info=\u00bb{}\u00bb][et_pb_column type=\u00bb4_4&#8243; _builder_version=\u00bb4.27.0&#8243; _module_preset=\u00bbdefault\u00bb global_colors_info=\u00bb{}\u00bb][dsm_gradient_text gradient_text=\u00bbPOLITICA DE COOKIES DE GLOBAL MARZPOINT SLP\u00bb _builder_version=\u00bb4.27.2&#8243; _module_preset=\u00bbdefault\u00bb header_font=\u00bb&#8211;et_global_heading_font|500|||||||\u00bb header_line_height=\u00bb1.3em\u00bb background_color_gradient_direction=\u00bb80deg\u00bb background_color_gradient_stops=\u00bbgcid-heading-color 0%|gcid-primary-color 58%\u00bb width=\u00bb56%\u00bb max_width=\u00bb95%\u00bb custom_margin=\u00bb||6px|||\u00bb header_font_size_tablet=\u00bb\u00bb header_font_size_phone=\u00bb20px\u00bb header_font_size_last_edited=\u00bbon|phone\u00bb global_colors_info=\u00bb{%22gcid-heading-color%22:%91%22background_color_gradient_stops%22%93,%22gcid-primary-color%22:%91%22background_color_gradient_stops%22%93}\u00bb][\/dsm_gradient_text][\/et_pb_column][\/et_pb_row][et_pb_row _builder_version=\u00bb4.27.2&#8243; _module_preset=\u00bbdefault\u00bb width=\u00bb90%\u00bb max_width=\u00bb100%\u00bb custom_padding=\u00bb6px|||||\u00bb global_colors_info=\u00bb{}\u00bb][et_pb_column type=\u00bb4_4&#8243; _builder_version=\u00bb4.27.2&#8243; _module_preset=\u00bbdefault\u00bb global_colors_info=\u00bb{}\u00bb][et_pb_text _builder_version=\u00bb4.27.2&#8243; _module_preset=\u00bbdefault\u00bb text_font=\u00bb&#8211;et_global_heading_font||||||||\u00bb global_colors_info=\u00bb{}\u00bb]<\/p>\n<p><strong>\u00daltima actualizaci\u00f3n:<\/strong> 29\/04\/2025<\/p>\n<p>En <strong>Global Marzpoint SLP<\/strong>, utilizamos cookies y tecnolog\u00edas similares para mejorar la experiencia de los usuarios en nuestro sitio web [https:\/\/globalmarzpoint.eu\/]. A continuaci\u00f3n, te explicamos qu\u00e9 son las cookies, c\u00f3mo las utilizamos y c\u00f3mo puedes gestionarlas.<\/p>\n<p><strong>1. \u00bfQu\u00e9 son las cookies? <\/strong><\/p>\n<p>Las cookies son peque\u00f1os archivos de texto que se almacenan en tu dispositivo (ordenador, m\u00f3vil, tableta) cuando visitas nuestro Sitio. Estas cookies permiten que el Sitio recuerde tus acciones y preferencias (como el idioma, la configuraci\u00f3n de visualizaci\u00f3n, etc.) durante un per\u00edodo de tiempo, para que no tengas que volver a configurarlas cada vez que regreses al sitio o navegue de una p\u00e1gina a otra.<\/p>\n<p><strong>2. Tipos de cookies que utilizamos <\/strong><\/p>\n<p>En <strong>Global Marzpoint SLP,<\/strong> utilizamos las siguientes categor\u00edas de cookies:<\/p>\n<p>\u25cf Cookies t\u00e9cnicas o necesarias: Son esenciales para el funcionamiento del Sitio. Permiten la navegaci\u00f3n y el uso de las diferentes opciones o servicios del Sitio, como el acceso a \u00e1reas seguras.<\/p>\n<p>\u25cf Cookies de personalizaci\u00f3n: Permiten recordar tus preferencias (por ejemplo, el idioma o la regi\u00f3n desde la que accedes) y proporcionar una experiencia personalizada en el Sitio.<\/p>\n<p>\u25cf Cookies de an\u00e1lisis o rendimiento: Recopilan informaci\u00f3n an\u00f3nima sobre c\u00f3mo los usuarios interact\u00faan con el Sitio, como las p\u00e1ginas visitadas o el tiempo de navegaci\u00f3n, con el fin de mejorar su funcionamiento.<\/p>\n<p>\u25cf Cookies de publicidad: Se utilizan para mostrarte anuncios m\u00e1s relevantes para ti y tus intereses. Estas cookies pueden rastrear tu actividad en diferentes sitios web.<\/p>\n<p><strong>3. Cookies de terceros<\/strong><\/p>\n<p>Nuestro Sitio puede utilizar cookies de terceros, como Google Analytics, para obtener estad\u00edsticas sobre el tr\u00e1fico web y la interacci\u00f3n de los usuarios. Estas cookies son gestionadas por terceros y su uso est\u00e1 sujeto a sus respectivas pol\u00edticas de privacidad.<\/p>\n<p><strong>4. \u00bfC\u00f3mo puedes gestionar las cookies?<\/strong><\/p>\n<p>Puedes gestionar tus preferencias sobre las cookies a trav\u00e9s del panel de configuraci\u00f3n que aparece la primera vez que accedes a nuestro Sitio, o tambi\u00e9n puedes configurar tu navegador para aceptar, bloquear o eliminar las cookies instaladas en tu dispositivo. A continuaci\u00f3n, te proporcionamos enlaces a las instrucciones para gestionar las cookies en los navegadores m\u00e1s populares:<\/p>\n<p>\u25cf Google Chrome: Configuraci\u00f3n de cookies en Chrome<\/p>\n<p>\u25cf Mozilla Firefox: Configuraci\u00f3n de cookies en Firefox<\/p>\n<p>\u25cf Safari: Configuraci\u00f3n de cookies en Safari<\/p>\n<p>\u25cf Microsoft Edge: Configuraci\u00f3n de cookies en Edge<\/p>\n<p><strong>5. Actualizaci\u00f3n de la pol\u00edtica de cookies<\/strong><\/p>\n<p>Podemos modificar esta Pol\u00edtica de Cookies en cualquier momento. Te notificaremos cualquier cambio publicando la nueva pol\u00edtica en esta p\u00e1gina. Te recomendamos revisar esta pol\u00edtica peri\u00f3dicamente para estar al tanto de cualquier actualizaci\u00f3n.<\/p>\n<p><strong>6. Contacto<\/strong><\/p>\n<p>Si tienes alguna pregunta o inquietud sobre nuestra Pol\u00edtica de Cookies, puedes contactarnos en:<\/p>\n<p>\u25cf Correo electr\u00f3nico: [info@globalmarzpoint.com]<\/p>\n<p>\u25cf Direcci\u00f3n postal: <span>Calle Can Rabia, Num. 3-5 P.4, 08017,<\/span>\u00a0Barcelona, Espa\u00f1a.<\/p>\n<p>[\/et_pb_text][\/et_pb_column][\/et_pb_row][\/et_pb_section]<\/p>\n","protected":false},"excerpt":{"rendered":"<p><div class=\"et_pb_module dsm_gradient_text dsm_gradient_text_0 \">\n\t\t\t\t\n\t\t\t\t\n\t\t\t\t\n\t\t\t\t\n\t\t\t\t\n\t\t\t\t\n\t\t\t\t<div class=\"et_pb_module_inner\">\n\t\t\t\t\t<h1 class=\"dsm-gradient-text et_pb_module_header\">POLITICA DE COOKIES DE GLOBAL MARZPOINT SLP<\/h1>\n\t\t\t\t<\/div>\n\t\t\t<\/div>\u00daltima actualizaci\u00f3n: 29\/04\/2025 En Global Marzpoint SLP, utilizamos cookies y tecnolog\u00edas similares para mejorar la experiencia de los usuarios en nuestro sitio web [https:\/\/globalmarzpoint.eu\/]. A continuaci\u00f3n, te explicamos qu\u00e9 son las cookies, c\u00f3mo las utilizamos y c\u00f3mo puedes gestionarlas. 1. \u00bfQu\u00e9 son las cookies? Las cookies son peque\u00f1os archivos de texto que se almacenan en tu dispositivo (ordenador, m\u00f3vil, tableta) cuando visitas nuestro Sitio. Estas cookies permiten que el Sitio recuerde tus acciones y preferencias (como el idioma, la configuraci\u00f3n de visualizaci\u00f3n, etc.) durante un per\u00edodo de tiempo, para que no tengas que volver a configurarlas cada vez que regreses al sitio o navegue de una p\u00e1gina a otra. 2. Tipos de cookies que utilizamos En Global Marzpoint SLP, utilizamos las siguientes categor\u00edas de cookies: \u25cf Cookies t\u00e9cnicas o necesarias: Son esenciales para el funcionamiento del Sitio. Permiten la navegaci\u00f3n y el uso de las diferentes opciones o servicios del Sitio, como el acceso a \u00e1reas seguras. \u25cf Cookies de personalizaci\u00f3n: Permiten recordar tus preferencias (por ejemplo, el idioma o la regi\u00f3n desde la que accedes) y proporcionar [&hellip;]<\/p>\n","protected":false},"author":1,"featured_media":0,"parent":0,"menu_order":0,"comment_status":"closed","ping_status":"closed","template":"","meta":{"_acf_changed":false,"_et_pb_use_builder":"on","_et_pb_old_content":"<!-- wp:divi\/placeholder \/-->","_et_gb_content_width":"","footnotes":""},"class_list":["post-716","page","type-page","status-publish","hentry"],"acf":[],"yoast_head":"<!-- This site is optimized with the Yoast SEO plugin v27.2 - https:\/\/yoast.com\/product\/yoast-seo-wordpress\/ -->\n<title>Pol\u00edtica de Cookies - GMP<\/title>\n<meta name=\"robots\" content=\"index, follow, max-snippet:-1, max-image-preview:large, max-video-preview:-1\" \/>\n<link rel=\"canonical\" href=\"https:\/\/globalmarzpoint.eu\/en\/politica-de-cookies\/\" \/>\n<meta property=\"og:locale\" content=\"en_GB\" \/>\n<meta property=\"og:type\" content=\"article\" \/>\n<meta property=\"og:title\" content=\"Pol\u00edtica de Cookies - GMP\" \/>\n<meta property=\"og:description\" content=\"\u00daltima actualizaci\u00f3n: 29\/04\/2025 En Global Marzpoint SLP, utilizamos cookies y tecnolog\u00edas similares para mejorar la experiencia de los usuarios en nuestro sitio web [https:\/\/globalmarzpoint.eu\/]. A continuaci\u00f3n, te explicamos qu\u00e9 son las cookies, c\u00f3mo las utilizamos y c\u00f3mo puedes gestionarlas. 1. \u00bfQu\u00e9 son las cookies? Las cookies son peque\u00f1os archivos de texto que se almacenan en tu dispositivo (ordenador, m\u00f3vil, tableta) cuando visitas nuestro Sitio. Estas cookies permiten que el Sitio recuerde tus acciones y preferencias (como el idioma, la configuraci\u00f3n de visualizaci\u00f3n, etc.) durante un per\u00edodo de tiempo, para que no tengas que volver a configurarlas cada vez que regreses al sitio o navegue de una p\u00e1gina a otra. 2. Tipos de cookies que utilizamos En Global Marzpoint SLP, utilizamos las siguientes categor\u00edas de cookies: \u25cf Cookies t\u00e9cnicas o necesarias: Son esenciales para el funcionamiento del Sitio. Permiten la navegaci\u00f3n y el uso de las diferentes opciones o servicios del Sitio, como el acceso a \u00e1reas seguras. \u25cf Cookies de personalizaci\u00f3n: Permiten recordar tus preferencias (por ejemplo, el idioma o la regi\u00f3n desde la que accedes) y proporcionar [&hellip;]\" \/>\n<meta property=\"og:url\" content=\"https:\/\/globalmarzpoint.eu\/en\/politica-de-cookies\/\" \/>\n<meta property=\"og:site_name\" content=\"GMP\" \/>\n<meta property=\"article:modified_time\" content=\"2025-04-29T08:21:57+00:00\" \/>\n<meta name=\"twitter:card\" content=\"summary_large_image\" \/>\n<script type=\"application\/ld+json\" class=\"yoast-schema-graph\">{\"@context\":\"https:\/\/schema.org\",\"@graph\":[{\"@type\":\"WebPage\",\"@id\":\"https:\/\/globalmarzpoint.eu\/politica-de-cookies\/\",\"url\":\"https:\/\/globalmarzpoint.eu\/politica-de-cookies\/\",\"name\":\"Pol\u00edtica de Cookies - GMP\",\"isPartOf\":{\"@id\":\"https:\/\/globalmarzpoint.eu\/#website\"},\"datePublished\":\"2024-10-17T06:45:24+00:00\",\"dateModified\":\"2025-04-29T08:21:57+00:00\",\"breadcrumb\":{\"@id\":\"https:\/\/globalmarzpoint.eu\/politica-de-cookies\/#breadcrumb\"},\"inLanguage\":\"en-GB\",\"potentialAction\":[{\"@type\":\"ReadAction\",\"target\":[\"https:\/\/globalmarzpoint.eu\/politica-de-cookies\/\"]}]},{\"@type\":\"BreadcrumbList\",\"@id\":\"https:\/\/globalmarzpoint.eu\/politica-de-cookies\/#breadcrumb\",\"itemListElement\":[{\"@type\":\"ListItem\",\"position\":1,\"name\":\"Inicio\",\"item\":\"https:\/\/globalmarzpoint.eu\/\"},{\"@type\":\"ListItem\",\"position\":2,\"name\":\"Pol\u00edtica de Cookies\"}]},{\"@type\":\"WebSite\",\"@id\":\"https:\/\/globalmarzpoint.eu\/#website\",\"url\":\"https:\/\/globalmarzpoint.eu\/\",\"name\":\"GMP\",\"description\":\"Consultor\u00eda de administraci\u00f3n de empresas en Barcelona. Optimiza gesti\u00f3n, finanzas y estrategia empresarial con asesoramiento experto para crecer con control.\",\"potentialAction\":[{\"@type\":\"SearchAction\",\"target\":{\"@type\":\"EntryPoint\",\"urlTemplate\":\"https:\/\/globalmarzpoint.eu\/?s={search_term_string}\"},\"query-input\":{\"@type\":\"PropertyValueSpecification\",\"valueRequired\":true,\"valueName\":\"search_term_string\"}}],\"inLanguage\":\"en-GB\"}]}<\/script>\n<!-- \/ Yoast SEO plugin. -->","yoast_head_json":{"title":"Pol\u00edtica de Cookies - GMP","robots":{"index":"index","follow":"follow","max-snippet":"max-snippet:-1","max-image-preview":"max-image-preview:large","max-video-preview":"max-video-preview:-1"},"canonical":"https:\/\/globalmarzpoint.eu\/en\/politica-de-cookies\/","og_locale":"en_GB","og_type":"article","og_title":"Pol\u00edtica de Cookies - GMP","og_description":"\u00daltima actualizaci\u00f3n: 29\/04\/2025 En Global Marzpoint SLP, utilizamos cookies y tecnolog\u00edas similares para mejorar la experiencia de los usuarios en nuestro sitio web [https:\/\/globalmarzpoint.eu\/]. A continuaci\u00f3n, te explicamos qu\u00e9 son las cookies, c\u00f3mo las utilizamos y c\u00f3mo puedes gestionarlas. 1. \u00bfQu\u00e9 son las cookies? Las cookies son peque\u00f1os archivos de texto que se almacenan en tu dispositivo (ordenador, m\u00f3vil, tableta) cuando visitas nuestro Sitio. Estas cookies permiten que el Sitio recuerde tus acciones y preferencias (como el idioma, la configuraci\u00f3n de visualizaci\u00f3n, etc.) durante un per\u00edodo de tiempo, para que no tengas que volver a configurarlas cada vez que regreses al sitio o navegue de una p\u00e1gina a otra. 2. Tipos de cookies que utilizamos En Global Marzpoint SLP, utilizamos las siguientes categor\u00edas de cookies: \u25cf Cookies t\u00e9cnicas o necesarias: Son esenciales para el funcionamiento del Sitio. Permiten la navegaci\u00f3n y el uso de las diferentes opciones o servicios del Sitio, como el acceso a \u00e1reas seguras. \u25cf Cookies de personalizaci\u00f3n: Permiten recordar tus preferencias (por ejemplo, el idioma o la regi\u00f3n desde la que accedes) y proporcionar [&hellip;]","og_url":"https:\/\/globalmarzpoint.eu\/en\/politica-de-cookies\/","og_site_name":"GMP","article_modified_time":"2025-04-29T08:21:57+00:00","twitter_card":"summary_large_image","schema":{"@context":"https:\/\/schema.org","@graph":[{"@type":"WebPage","@id":"https:\/\/globalmarzpoint.eu\/politica-de-cookies\/","url":"https:\/\/globalmarzpoint.eu\/politica-de-cookies\/","name":"Pol\u00edtica de Cookies - GMP","isPartOf":{"@id":"https:\/\/globalmarzpoint.eu\/#website"},"datePublished":"2024-10-17T06:45:24+00:00","dateModified":"2025-04-29T08:21:57+00:00","breadcrumb":{"@id":"https:\/\/globalmarzpoint.eu\/politica-de-cookies\/#breadcrumb"},"inLanguage":"en-GB","potentialAction":[{"@type":"ReadAction","target":["https:\/\/globalmarzpoint.eu\/politica-de-cookies\/"]}]},{"@type":"BreadcrumbList","@id":"https:\/\/globalmarzpoint.eu\/politica-de-cookies\/#breadcrumb","itemListElement":[{"@type":"ListItem","position":1,"name":"Inicio","item":"https:\/\/globalmarzpoint.eu\/"},{"@type":"ListItem","position":2,"name":"Pol\u00edtica de Cookies"}]},{"@type":"WebSite","@id":"https:\/\/globalmarzpoint.eu\/#website","url":"https:\/\/globalmarzpoint.eu\/","name":"GMP","description":"Consultor\u00eda de administraci\u00f3n de empresas en Barcelona. Optimiza gesti\u00f3n, finanzas y estrategia empresarial con asesoramiento experto para crecer con control.","potentialAction":[{"@type":"SearchAction","target":{"@type":"EntryPoint","urlTemplate":"https:\/\/globalmarzpoint.eu\/?s={search_term_string}"},"query-input":{"@type":"PropertyValueSpecification","valueRequired":true,"valueName":"search_term_string"}}],"inLanguage":"en-GB"}]}},"_links":{"self":[{"href":"https:\/\/globalmarzpoint.eu\/en\/wp-json\/wp\/v2\/pages\/716","targetHints":{"allow":["GET"]}}],"collection":[{"href":"https:\/\/globalmarzpoint.eu\/en\/wp-json\/wp\/v2\/pages"}],"about":[{"href":"https:\/\/globalmarzpoint.eu\/en\/wp-json\/wp\/v2\/types\/page"}],"author":[{"embeddable":true,"href":"https:\/\/globalmarzpoint.eu\/en\/wp-json\/wp\/v2\/users\/1"}],"replies":[{"embeddable":true,"href":"https:\/\/globalmarzpoint.eu\/en\/wp-json\/wp\/v2\/comments?post=716"}],"version-history":[{"count":10,"href":"https:\/\/globalmarzpoint.eu\/en\/wp-json\/wp\/v2\/pages\/716\/revisions"}],"predecessor-version":[{"id":1313,"href":"https:\/\/globalmarzpoint.eu\/en\/wp-json\/wp\/v2\/pages\/716\/revisions\/1313"}],"wp:attachment":[{"href":"https:\/\/globalmarzpoint.eu\/en\/wp-json\/wp\/v2\/media?parent=716"}],"curies":[{"name":"wp","href":"https:\/\/api.w.org\/{rel}","templated":true}]}}