{"id":43,"date":"2024-07-23T09:54:30","date_gmt":"2024-07-23T09:54:30","guid":{"rendered":"http:\/\/gmp.local\/?page_id=43"},"modified":"2025-04-29T09:38:32","modified_gmt":"2025-04-29T09:38:32","slug":"contacto","status":"publish","type":"page","link":"https:\/\/globalmarzpoint.eu\/en\/contacto\/","title":{"rendered":"Contact"},"content":{"rendered":"<p>[et_pb_section fb_built=\u00bb1&#8243; _builder_version=\u00bb4.27.0&#8243; _module_preset=\u00bbdefault\u00bb custom_padding=\u00bb100px||22px|||\u00bb global_colors_info=\u00bb{}\u00bb][et_pb_row _builder_version=\u00bb4.27.4&#8243; _module_preset=\u00bbdefault\u00bb width=\u00bb95%\u00bb max_width=\u00bb95%\u00bb custom_margin=\u00bb|auto|12px|auto||\u00bb custom_padding=\u00bb14px||18px|||\u00bb hover_enabled=\u00bb0&#8243; global_colors_info=\u00bb{}\u00bb custom_margin_last_edited=\u00bbon|phone\u00bb custom_margin_phone=\u00bb||0px||false|false\u00bb custom_padding_last_edited=\u00bbon|phone\u00bb custom_padding_phone=\u00bb5px||10px||false|false\u00bb sticky_enabled=\u00bb0&#8243; custom_margin_tablet=\u00bb|auto|12px|auto||\u00bb custom_padding_tablet=\u00bb14px||18px|||\u00bb][et_pb_column type=\u00bb4_4&#8243; _builder_version=\u00bb4.27.0&#8243; _module_preset=\u00bbdefault\u00bb global_colors_info=\u00bb{}\u00bb][dsm_gradient_text gradient_text=\u00bbCONTACTO\u00bb _builder_version=\u00bb4.27.2&#8243; _module_preset=\u00bbdefault\u00bb header_font=\u00bb&#8211;et_global_heading_font|500|||||||\u00bb header_line_height=\u00bb1.3em\u00bb background_color_gradient_direction=\u00bb80deg\u00bb background_color_gradient_stops=\u00bbgcid-heading-color 0%|gcid-primary-color 58%\u00bb width=\u00bb22%\u00bb max_width=\u00bb95%\u00bb custom_margin=\u00bb||6px|||\u00bb header_font_size_tablet=\u00bb\u00bb header_font_size_phone=\u00bb20px\u00bb header_font_size_last_edited=\u00bbon|phone\u00bb global_colors_info=\u00bb{%22gcid-heading-color%22:%91%22background_color_gradient_stops%22%93,%22gcid-primary-color%22:%91%22background_color_gradient_stops%22%93}\u00bb][\/dsm_gradient_text][\/et_pb_column][\/et_pb_row][et_pb_row custom_padding_last_edited=\u00bbon|phone\u00bb _builder_version=\u00bb4.27.4&#8243; _module_preset=\u00bbdefault\u00bb background_image=\u00bbhttps:\/\/globalmarzpoint.eu\/wp-content\/uploads\/2025\/04\/gmp-contacto-scaled.jpeg\u00bb width=\u00bb90%\u00bb max_width=\u00bb95%\u00bb custom_margin=\u00bb-9px|auto|50px|auto||\u00bb custom_padding=\u00bb1px||611px|||\u00bb custom_padding_tablet=\u00bb1px||585px|||\u00bb custom_padding_phone=\u00bb1px||283px||false|false\u00bb hover_enabled=\u00bb0&#8243; border_radii=\u00bbon|20px|20px|20px|20px\u00bb global_colors_info=\u00bb{}\u00bb custom_margin_last_edited=\u00bbon|phone\u00bb custom_margin_phone=\u00bb0px|auto|0px|auto|false|false\u00bb sticky_enabled=\u00bb0&#8243; custom_margin_tablet=\u00bb-9px|auto|50px|auto||\u00bb][et_pb_column type=\u00bb4_4&#8243; _builder_version=\u00bb4.27.0&#8243; _module_preset=\u00bbdefault\u00bb global_colors_info=\u00bb{}\u00bb][\/et_pb_column][\/et_pb_row][et_pb_row _builder_version=\u00bb4.27.4&#8243; _module_preset=\u00bbdefault\u00bb custom_padding=\u00bb31px|||||\u00bb hover_enabled=\u00bb0&#8243; global_colors_info=\u00bb{}\u00bb custom_padding_last_edited=\u00bbon|phone\u00bb custom_padding_phone=\u00bb||0px||false|false\u00bb sticky_enabled=\u00bb0&#8243; custom_padding_tablet=\u00bb31px|||||\u00bb][et_pb_column type=\u00bb4_4&#8243; _builder_version=\u00bb4.27.0&#8243; _module_preset=\u00bbdefault\u00bb global_colors_info=\u00bb{}\u00bb][dsm_gradient_text gradient_text=\u00bbCont\u00e1ctanos hoy mismo para descubrir c\u00f3mo nuestras soluciones pueden transformar tu empresa y llevarla al siguiente nivel.\u00bb _builder_version=\u00bb4.27.4&#8243; _module_preset=\u00bbdefault\u00bb header_level=\u00bbh3&#8243; header_font=\u00bb&#8211;et_global_heading_font|500|||||||\u00bb header_text_align=\u00bbcenter\u00bb header_font_size=\u00bb29px\u00bb header_line_height=\u00bb1.3em\u00bb background_color_gradient_stops=\u00bbgcid-primary-color 0%|gcid-3d66aae8-0674-4e2a-af73-6b345a03aeb4 100%\u00bb width=\u00bb70%\u00bb max_width=\u00bb100%\u00bb module_alignment=\u00bbcenter\u00bb hover_enabled=\u00bb0&#8243; header_font_size_tablet=\u00bb29px\u00bb header_font_size_phone=\u00bb15px\u00bb header_font_size_last_edited=\u00bbon|phone\u00bb global_colors_info=\u00bb{%22gcid-primary-color%22:%91%22background_color_gradient_stops%22%93,%22gcid-3d66aae8-0674-4e2a-af73-6b345a03aeb4%22:%91%22background_color_gradient_stops%22%93}\u00bb sticky_enabled=\u00bb0&#8243;][\/dsm_gradient_text][\/et_pb_column][\/et_pb_row][et_pb_row column_structure=\u00bb1_2,1_2&#8243; _builder_version=\u00bb4.27.0&#8243; _module_preset=\u00bbdefault\u00bb global_colors_info=\u00bb{}\u00bb][et_pb_column type=\u00bb1_2&#8243; _builder_version=\u00bb4.27.0&#8243; _module_preset=\u00bbdefault\u00bb global_colors_info=\u00bb{}\u00bb][et_pb_text _builder_version=\u00bb4.27.4&#8243; _module_preset=\u00bbdefault\u00bb text_font_size=\u00bb14px\u00bb text_orientation=\u00bbcenter\u00bb height=\u00bb454px\u00bb hover_enabled=\u00bb0&#8243; border_radii=\u00bbon|20px|20px|20px|20px\u00bb box_shadow_style=\u00bbpreset3&#8243; global_colors_info=\u00bb{}\u00bb height_last_edited=\u00bbon|phone\u00bb height_phone=\u00bb446px\u00bb max_width_last_edited=\u00bbon|phone\u00bb sticky_enabled=\u00bb0&#8243; height_tablet=\u00bb454px\u00bb]<\/p>\n<p><iframe src=\"https:\/\/www.google.com\/maps\/embed?pb=!1m18!1m12!1m3!1d2993.1475286355735!2d2.131841085394083!3d41.392602387510415!2m3!1f0!2f0!3f0!3m2!1i1024!2i768!4f13.1!3m3!1m2!1s0x12a4986fe81be8c7%3A0xac48d8a6804f415e!2sCarrer%20de%20Can%20R%C3%A0bia%2C%205%2C%20Sarri%C3%A0-Sant%20Gervasi%2C%2008017%20Barcelona!5e0!3m2!1ses-419!2ses!4v1738665613584!5m2!1ses-419!2ses\" width=\"600\" height=\"450\" style=\"border: 0;\" allowfullscreen=\"\" loading=\"lazy\" referrerpolicy=\"no-referrer-when-downgrade\"><\/iframe><\/p>\n<p>[\/et_pb_text][\/et_pb_column][et_pb_column type=\u00bb1_2&#8243; _builder_version=\u00bb4.27.0&#8243; _module_preset=\u00bbdefault\u00bb global_colors_info=\u00bb{}\u00bb][et_pb_contact_form captcha=\u00bboff\u00bb email=\u00bbinfo@globalmarzpoint.com\u00bb _builder_version=\u00bb4.27.4&#8243; _module_preset=\u00bbdefault\u00bb _unique_id=\u00bbb9a467e5-93a3-40da-a55d-719e6e37cb40&#8243; custom_button=\u00bbon\u00bb button_text_color=\u00bbgcid-heading-color\u00bb button_bg_color=\u00bbgcid-c1595026-8213-411f-b254-f3f5ec8f8971&#8243; button_border_radius=\u00bb7px\u00bb hover_enabled=\u00bb0&#8243; border_radii=\u00bbon|12px|12px|12px|12px\u00bb global_colors_info=\u00bb{%22gcid-c1595026-8213-411f-b254-f3f5ec8f8971%22:%91%22button_bg_color%22%93,%22gcid-heading-color%22:%91%22button_text_color%22,%22button_bg_color__hover%22%93}\u00bb button_text_color__hover_enabled=\u00bbon|desktop\u00bb button_text_color__hover=\u00bb#FFFFFF\u00bb button_bg_color__hover_enabled=\u00bbon|desktop\u00bb button_bg_color__hover=\u00bb#183c75&#8243; button_bg_enable_color__hover=\u00bbon\u00bb title_font_size_last_edited=\u00bbon|phone\u00bb title_font_size_phone=\u00bb19px\u00bb form_field_font_size_last_edited=\u00bbon|phone\u00bb form_field_font_size_phone=\u00bb13px\u00bb sticky_enabled=\u00bb0&#8243; button_text_size_last_edited=\u00bbon|phone\u00bb button_text_size_phone=\u00bb13px\u00bb][et_pb_contact_field field_id=\u00bbName\u00bb field_title=\u00bbNombre\u00bb _builder_version=\u00bb4.27.4&#8243; global_colors_info=\u00bb{}\u00bb button_text_size__hover_enabled=\u00bboff\u00bb button_one_text_size__hover_enabled=\u00bboff\u00bb button_two_text_size__hover_enabled=\u00bboff\u00bb button_text_color__hover_enabled=\u00bboff\u00bb button_one_text_color__hover_enabled=\u00bboff\u00bb button_two_text_color__hover_enabled=\u00bboff\u00bb button_border_width__hover_enabled=\u00bboff\u00bb button_one_border_width__hover_enabled=\u00bboff\u00bb button_two_border_width__hover_enabled=\u00bboff\u00bb button_border_color__hover_enabled=\u00bboff\u00bb button_one_border_color__hover_enabled=\u00bboff\u00bb button_two_border_color__hover_enabled=\u00bboff\u00bb button_border_radius__hover_enabled=\u00bboff\u00bb button_one_border_radius__hover_enabled=\u00bboff\u00bb button_two_border_radius__hover_enabled=\u00bboff\u00bb button_letter_spacing__hover_enabled=\u00bboff\u00bb button_one_letter_spacing__hover_enabled=\u00bboff\u00bb button_two_letter_spacing__hover_enabled=\u00bboff\u00bb button_bg_color__hover_enabled=\u00bboff\u00bb button_one_bg_color__hover_enabled=\u00bboff\u00bb button_two_bg_color__hover_enabled=\u00bboff\u00bb][\/et_pb_contact_field][et_pb_contact_field field_id=\u00bbEmail\u00bb field_title=\u00bbDirecci\u00f3n de correo electr\u00f3nico\u00bb field_type=\u00bbemail\u00bb _builder_version=\u00bb4.27.4&#8243; global_colors_info=\u00bb{}\u00bb button_text_size__hover_enabled=\u00bboff\u00bb button_one_text_size__hover_enabled=\u00bboff\u00bb button_two_text_size__hover_enabled=\u00bboff\u00bb button_text_color__hover_enabled=\u00bboff\u00bb button_one_text_color__hover_enabled=\u00bboff\u00bb button_two_text_color__hover_enabled=\u00bboff\u00bb button_border_width__hover_enabled=\u00bboff\u00bb button_one_border_width__hover_enabled=\u00bboff\u00bb button_two_border_width__hover_enabled=\u00bboff\u00bb button_border_color__hover_enabled=\u00bboff\u00bb button_one_border_color__hover_enabled=\u00bboff\u00bb button_two_border_color__hover_enabled=\u00bboff\u00bb button_border_radius__hover_enabled=\u00bboff\u00bb button_one_border_radius__hover_enabled=\u00bboff\u00bb button_two_border_radius__hover_enabled=\u00bboff\u00bb button_letter_spacing__hover_enabled=\u00bboff\u00bb button_one_letter_spacing__hover_enabled=\u00bboff\u00bb button_two_letter_spacing__hover_enabled=\u00bboff\u00bb button_bg_color__hover_enabled=\u00bboff\u00bb button_one_bg_color__hover_enabled=\u00bboff\u00bb button_two_bg_color__hover_enabled=\u00bboff\u00bb][\/et_pb_contact_field][et_pb_contact_field field_id=\u00bbEmpresa\u00bb field_title=\u00bbEmpresa\u00bb _builder_version=\u00bb4.27.4&#8243; _module_preset=\u00bbdefault\u00bb global_colors_info=\u00bb{}\u00bb][\/et_pb_contact_field][et_pb_contact_field field_id=\u00bbTel\u00e9fono\u00bb field_title=\u00bbTel\u00e9fono\u00bb _builder_version=\u00bb4.27.4&#8243; _module_preset=\u00bbdefault\u00bb global_colors_info=\u00bb{}\u00bb][\/et_pb_contact_field][et_pb_contact_field field_id=\u00bbMenesaje\u00bb field_title=\u00bbMensaje\u00bb field_type=\u00bbtext\u00bb fullwidth_field=\u00bbon\u00bb _builder_version=\u00bb4.27.4&#8243; _module_preset=\u00bbdefault\u00bb hover_enabled=\u00bb0&#8243; global_colors_info=\u00bb{}\u00bb sticky_enabled=\u00bb0&#8243;][\/et_pb_contact_field][\/et_pb_contact_form][\/et_pb_column][\/et_pb_row][\/et_pb_section]<\/p>\n","protected":false},"excerpt":{"rendered":"<p><div class=\"et_pb_module dsm_gradient_text dsm_gradient_text_0\">\n\t\t\t\t\n\t\t\t\t\n\t\t\t\t\n\t\t\t\t\n\t\t\t\t\n\t\t\t\t\n\t\t\t\t<div class=\"et_pb_module_inner\">\n\t\t\t\t\t<h1 class=\"dsm-gradient-text et_pb_module_header\">CONTACTO<\/h1>\n\t\t\t\t<\/div>\n\t\t\t<\/div><div class=\"et_pb_module dsm_gradient_text dsm_gradient_text_1\">\n\t\t\t\t\n\t\t\t\t\n\t\t\t\t\n\t\t\t\t\n\t\t\t\t\n\t\t\t\t\n\t\t\t\t<div class=\"et_pb_module_inner\">\n\t\t\t\t\t<h3 class=\"dsm-gradient-text et_pb_module_header\">Cont\u00e1ctanos hoy mismo para descubrir c\u00f3mo nuestras soluciones pueden transformar tu empresa y llevarla al siguiente nivel.<\/h3>\n\t\t\t\t<\/div>\n\t\t\t<\/div><\/p>","protected":false},"author":1,"featured_media":0,"parent":0,"menu_order":0,"comment_status":"closed","ping_status":"closed","template":"","meta":{"_acf_changed":false,"_et_pb_use_builder":"on","_et_pb_old_content":"<!-- wp:divi\/placeholder \/-->","_et_gb_content_width":"","footnotes":""},"class_list":["post-43","page","type-page","status-publish","hentry"],"acf":[],"yoast_head":"<!-- This site is optimized with the Yoast SEO plugin v27.2 - https:\/\/yoast.com\/product\/yoast-seo-wordpress\/ -->\n<title>Contacto - GMP<\/title>\n<meta name=\"robots\" content=\"index, follow, max-snippet:-1, max-image-preview:large, max-video-preview:-1\" \/>\n<link rel=\"canonical\" href=\"https:\/\/globalmarzpoint.eu\/en\/contacto\/\" \/>\n<meta property=\"og:locale\" content=\"en_GB\" \/>\n<meta property=\"og:type\" content=\"article\" \/>\n<meta property=\"og:title\" content=\"Contacto - GMP\" \/>\n<meta property=\"og:url\" content=\"https:\/\/globalmarzpoint.eu\/en\/contacto\/\" \/>\n<meta property=\"og:site_name\" content=\"GMP\" \/>\n<meta property=\"article:modified_time\" content=\"2025-04-29T09:38:32+00:00\" \/>\n<meta name=\"twitter:card\" content=\"summary_large_image\" \/>\n<meta name=\"twitter:description\" content=\"[dsm_gradient_text gradient_text=&quot;CONTACTO&quot; _builder_version=&quot;4.27.2&quot; _module_preset=&quot;default&quot; header_font=&quot;--et_global_heading_font|500|||||||&quot; header_line_height=&quot;1.3em&quot; background_color_gradient_direction=&quot;80deg&quot; background_color_gradient_stops=&quot;gcid-heading-color 0%|gcid-primary-color 58%&quot; width=&quot;22%&quot; max_width=&quot;95%&quot; custom_margin=&quot;||6px|||&quot; header_font_size_tablet=&quot;&quot; header_font_size_phone=&quot;20px&quot; header_font_size_last_edited=&quot;on|phone&quot; global_colors_info=&quot;{%22gcid-heading-color%22:%91%22background_color_gradient_stops%22%93,%22gcid-primary-color%22:%91%22background_color_gradient_stops%22%93}&quot;][\/dsm_gradient_text][dsm_gradient_text gradient_text=&quot;Cont\u00e1ctanos hoy mismo para descubrir c\u00f3mo nuestras soluciones pueden transformar tu empresa y llevarla al siguiente nivel.&quot; _builder_version=&quot;4.27.4&quot; _module_preset=&quot;default&quot; header_level=&quot;h3&quot; header_font=&quot;--et_global_heading_font|500|||||||&quot; header_text_align=&quot;center&quot; header_font_size=&quot;29px&quot; header_line_height=&quot;1.3em&quot; background_color_gradient_stops=&quot;gcid-primary-color 0%|gcid-3d66aae8-0674-4e2a-af73-6b345a03aeb4 100%&quot; width=&quot;70%&quot; max_width=&quot;100%&quot; module_alignment=&quot;center&quot; hover_enabled=&quot;0&quot; header_font_size_tablet=&quot;29px&quot; header_font_size_phone=&quot;15px&quot; header_font_size_last_edited=&quot;on|phone&quot; global_colors_info=&quot;{%22gcid-primary-color%22:%91%22background_color_gradient_stops%22%93,%22gcid-3d66aae8-0674-4e2a-af73-6b345a03aeb4%22:%91%22background_color_gradient_stops%22%93}&quot; sticky_enabled=&quot;0&quot;][\/dsm_gradient_text]\" \/>\n<script type=\"application\/ld+json\" class=\"yoast-schema-graph\">{\"@context\":\"https:\/\/schema.org\",\"@graph\":[{\"@type\":\"WebPage\",\"@id\":\"https:\/\/globalmarzpoint.eu\/contacto\/\",\"url\":\"https:\/\/globalmarzpoint.eu\/contacto\/\",\"name\":\"Contacto - GMP\",\"isPartOf\":{\"@id\":\"https:\/\/globalmarzpoint.eu\/#website\"},\"datePublished\":\"2024-07-23T09:54:30+00:00\",\"dateModified\":\"2025-04-29T09:38:32+00:00\",\"breadcrumb\":{\"@id\":\"https:\/\/globalmarzpoint.eu\/contacto\/#breadcrumb\"},\"inLanguage\":\"en-GB\",\"potentialAction\":[{\"@type\":\"ReadAction\",\"target\":[\"https:\/\/globalmarzpoint.eu\/contacto\/\"]}]},{\"@type\":\"BreadcrumbList\",\"@id\":\"https:\/\/globalmarzpoint.eu\/contacto\/#breadcrumb\",\"itemListElement\":[{\"@type\":\"ListItem\",\"position\":1,\"name\":\"Inicio\",\"item\":\"https:\/\/globalmarzpoint.eu\/\"},{\"@type\":\"ListItem\",\"position\":2,\"name\":\"Contacto\"}]},{\"@type\":\"WebSite\",\"@id\":\"https:\/\/globalmarzpoint.eu\/#website\",\"url\":\"https:\/\/globalmarzpoint.eu\/\",\"name\":\"GMP\",\"description\":\"Consultor\u00eda de administraci\u00f3n de empresas en Barcelona. Optimiza gesti\u00f3n, finanzas y estrategia empresarial con asesoramiento experto para crecer con control.\",\"potentialAction\":[{\"@type\":\"SearchAction\",\"target\":{\"@type\":\"EntryPoint\",\"urlTemplate\":\"https:\/\/globalmarzpoint.eu\/?s={search_term_string}\"},\"query-input\":{\"@type\":\"PropertyValueSpecification\",\"valueRequired\":true,\"valueName\":\"search_term_string\"}}],\"inLanguage\":\"en-GB\"}]}<\/script>\n<!-- \/ Yoast SEO plugin. -->","yoast_head_json":{"title":"Contacto - GMP","robots":{"index":"index","follow":"follow","max-snippet":"max-snippet:-1","max-image-preview":"max-image-preview:large","max-video-preview":"max-video-preview:-1"},"canonical":"https:\/\/globalmarzpoint.eu\/en\/contacto\/","og_locale":"en_GB","og_type":"article","og_title":"Contacto - GMP","og_url":"https:\/\/globalmarzpoint.eu\/en\/contacto\/","og_site_name":"GMP","article_modified_time":"2025-04-29T09:38:32+00:00","twitter_card":"summary_large_image","twitter_description":"[dsm_gradient_text gradient_text=\"CONTACTO\" _builder_version=\"4.27.2\" _module_preset=\"default\" header_font=\"--et_global_heading_font|500|||||||\" header_line_height=\"1.3em\" background_color_gradient_direction=\"80deg\" background_color_gradient_stops=\"gcid-heading-color 0%|gcid-primary-color 58%\" width=\"22%\" max_width=\"95%\" custom_margin=\"||6px|||\" header_font_size_tablet=\"\" header_font_size_phone=\"20px\" header_font_size_last_edited=\"on|phone\" global_colors_info=\"{%22gcid-heading-color%22:%91%22background_color_gradient_stops%22%93,%22gcid-primary-color%22:%91%22background_color_gradient_stops%22%93}\"][\/dsm_gradient_text][dsm_gradient_text gradient_text=\"Cont\u00e1ctanos hoy mismo para descubrir c\u00f3mo nuestras soluciones pueden transformar tu empresa y llevarla al siguiente nivel.\" _builder_version=\"4.27.4\" _module_preset=\"default\" header_level=\"h3\" header_font=\"--et_global_heading_font|500|||||||\" header_text_align=\"center\" header_font_size=\"29px\" header_line_height=\"1.3em\" background_color_gradient_stops=\"gcid-primary-color 0%|gcid-3d66aae8-0674-4e2a-af73-6b345a03aeb4 100%\" width=\"70%\" max_width=\"100%\" module_alignment=\"center\" hover_enabled=\"0\" header_font_size_tablet=\"29px\" header_font_size_phone=\"15px\" header_font_size_last_edited=\"on|phone\" global_colors_info=\"{%22gcid-primary-color%22:%91%22background_color_gradient_stops%22%93,%22gcid-3d66aae8-0674-4e2a-af73-6b345a03aeb4%22:%91%22background_color_gradient_stops%22%93}\" sticky_enabled=\"0\"][\/dsm_gradient_text]","schema":{"@context":"https:\/\/schema.org","@graph":[{"@type":"WebPage","@id":"https:\/\/globalmarzpoint.eu\/contacto\/","url":"https:\/\/globalmarzpoint.eu\/contacto\/","name":"Contacto - GMP","isPartOf":{"@id":"https:\/\/globalmarzpoint.eu\/#website"},"datePublished":"2024-07-23T09:54:30+00:00","dateModified":"2025-04-29T09:38:32+00:00","breadcrumb":{"@id":"https:\/\/globalmarzpoint.eu\/contacto\/#breadcrumb"},"inLanguage":"en-GB","potentialAction":[{"@type":"ReadAction","target":["https:\/\/globalmarzpoint.eu\/contacto\/"]}]},{"@type":"BreadcrumbList","@id":"https:\/\/globalmarzpoint.eu\/contacto\/#breadcrumb","itemListElement":[{"@type":"ListItem","position":1,"name":"Inicio","item":"https:\/\/globalmarzpoint.eu\/"},{"@type":"ListItem","position":2,"name":"Contacto"}]},{"@type":"WebSite","@id":"https:\/\/globalmarzpoint.eu\/#website","url":"https:\/\/globalmarzpoint.eu\/","name":"GMP","description":"Consultor\u00eda de administraci\u00f3n de empresas en Barcelona. Optimiza gesti\u00f3n, finanzas y estrategia empresarial con asesoramiento experto para crecer con control.","potentialAction":[{"@type":"SearchAction","target":{"@type":"EntryPoint","urlTemplate":"https:\/\/globalmarzpoint.eu\/?s={search_term_string}"},"query-input":{"@type":"PropertyValueSpecification","valueRequired":true,"valueName":"search_term_string"}}],"inLanguage":"en-GB"}]}},"_links":{"self":[{"href":"https:\/\/globalmarzpoint.eu\/en\/wp-json\/wp\/v2\/pages\/43","targetHints":{"allow":["GET"]}}],"collection":[{"href":"https:\/\/globalmarzpoint.eu\/en\/wp-json\/wp\/v2\/pages"}],"about":[{"href":"https:\/\/globalmarzpoint.eu\/en\/wp-json\/wp\/v2\/types\/page"}],"author":[{"embeddable":true,"href":"https:\/\/globalmarzpoint.eu\/en\/wp-json\/wp\/v2\/users\/1"}],"replies":[{"embeddable":true,"href":"https:\/\/globalmarzpoint.eu\/en\/wp-json\/wp\/v2\/comments?post=43"}],"version-history":[{"count":27,"href":"https:\/\/globalmarzpoint.eu\/en\/wp-json\/wp\/v2\/pages\/43\/revisions"}],"predecessor-version":[{"id":1325,"href":"https:\/\/globalmarzpoint.eu\/en\/wp-json\/wp\/v2\/pages\/43\/revisions\/1325"}],"wp:attachment":[{"href":"https:\/\/globalmarzpoint.eu\/en\/wp-json\/wp\/v2\/media?parent=43"}],"curies":[{"name":"wp","href":"https:\/\/api.w.org\/{rel}","templated":true}]}}