{"id":41,"date":"2024-07-23T09:54:17","date_gmt":"2024-07-23T09:54:17","guid":{"rendered":"http:\/\/gmp.local\/?page_id=41"},"modified":"2025-04-29T09:39:55","modified_gmt":"2025-04-29T09:39:55","slug":"nosotros","status":"publish","type":"page","link":"https:\/\/globalmarzpoint.eu\/en\/nosotros\/","title":{"rendered":"About Us"},"content":{"rendered":"<p>[et_pb_section fb_built=\u00bb1&#8243; _builder_version=\u00bb4.27.0&#8243; _module_preset=\u00bbdefault\u00bb custom_padding=\u00bb102px||5px|||\u00bb global_colors_info=\u00bb{}\u00bb][et_pb_row _builder_version=\u00bb4.27.2&#8243; _module_preset=\u00bbdefault\u00bb width=\u00bb95%\u00bb max_width=\u00bb95%\u00bb custom_padding=\u00bb16px||6px|||\u00bb global_colors_info=\u00bb{}\u00bb][et_pb_column type=\u00bb4_4&#8243; _builder_version=\u00bb4.27.2&#8243; _module_preset=\u00bbdefault\u00bb global_colors_info=\u00bb{}\u00bb][dsm_gradient_text gradient_text=\u00bbNOSOTROS\u00bb _builder_version=\u00bb4.27.2&#8243; _module_preset=\u00bbdefault\u00bb header_font=\u00bb&#8211;et_global_heading_font|500|||||||\u00bb header_line_height=\u00bb1.3em\u00bb background_color_gradient_direction=\u00bb80deg\u00bb background_color_gradient_stops=\u00bbgcid-primary-color 0%|gcid-3d66aae8-0674-4e2a-af73-6b345a03aeb4 35%\u00bb width=\u00bb22%\u00bb max_width=\u00bb95%\u00bb custom_margin=\u00bb||8px|||\u00bb header_font_size_tablet=\u00bb\u00bb header_font_size_phone=\u00bb20px\u00bb header_font_size_last_edited=\u00bbon|phone\u00bb global_colors_info=\u00bb{%22gcid-heading-color%22:%91%22background_color_gradient_stops%22%93,%22gcid-primary-color%22:%91%22background_color_gradient_stops%22%93,%22gcid-3d66aae8-0674-4e2a-af73-6b345a03aeb4%22:%91%22background_color_gradient_stops%22%93}\u00bb][\/dsm_gradient_text][\/et_pb_column][\/et_pb_row][\/et_pb_section][et_pb_section fb_built=\u00bb1&#8243; _builder_version=\u00bb4.27.4&#8243; _module_preset=\u00bbdefault\u00bb custom_padding=\u00bb0px||14px|||\u00bb global_colors_info=\u00bb{}\u00bb][et_pb_row column_structure=\u00bb2_3,1_3&#8243; use_custom_gutter=\u00bbon\u00bb gutter_width=\u00bb1&#8243; custom_padding_last_edited=\u00bbon|phone\u00bb _builder_version=\u00bb4.27.4&#8243; _module_preset=\u00bbdefault\u00bb background_enable_image=\u00bboff\u00bb background_position=\u00bbcenter_left\u00bb background_blend=\u00bbsoft-light\u00bb width=\u00bb90%\u00bb max_width=\u00bb100%\u00bb custom_margin=\u00bb-1px|auto|-1px|auto|true|\u00bb custom_margin_tablet=\u00bb-1px|auto|-1px|auto|true|\u00bb custom_margin_phone=\u00bb0px||0px||true|false\u00bb custom_margin_last_edited=\u00bbon|phone\u00bb custom_padding=\u00bb2px||84px|||\u00bb custom_padding_tablet=\u00bb303px||84px|||\u00bb custom_padding_phone=\u00bb0px||0px||false|false\u00bb background_last_edited=\u00bbon|phone\u00bb use_background_color_gradient_phone=\u00bbon\u00bb background_color_gradient_direction_phone=\u00bb182deg\u00bb background_color_gradient_stops_phone=\u00bbrgba(255,255,255,0) 27%|rgba(255,255,255,0.91) 58%|rgba(255, 255, 255, 1) 85%\u00bb border_radii=\u00bbon|20px|20px|20px|20px\u00bb global_colors_info=\u00bb{}\u00bb][et_pb_column type=\u00bb2_3&#8243; _builder_version=\u00bb4.27.0&#8243; _module_preset=\u00bbdefault\u00bb background_enable_image=\u00bboff\u00bb global_colors_info=\u00bb{}\u00bb][et_pb_image src=\u00bbhttps:\/\/globalmarzpoint.eu\/wp-content\/uploads\/2025\/04\/gmp-nosotros.jpg\u00bb title_text=\u00bb3 climbers on the top &#8211; generative AI\u00bb _builder_version=\u00bb4.27.4&#8243; _module_preset=\u00bbdefault\u00bb hover_enabled=\u00bb0&#8243; border_radii=\u00bbon|16px|16px|16px|16px\u00bb global_colors_info=\u00bb{}\u00bb animation_style=\u00bbslide\u00bb animation_direction=\u00bbleft\u00bb sticky_enabled=\u00bb0&#8243;][\/et_pb_image][\/et_pb_column][et_pb_column type=\u00bb1_3&#8243; _builder_version=\u00bb4.27.4&#8243; _module_preset=\u00bbdefault\u00bb custom_padding_tablet=\u00bb\u00bb custom_padding_phone=\u00bb\u00bb custom_padding_last_edited=\u00bbon|phone\u00bb global_colors_info=\u00bb{%22gcid-c1595026-8213-411f-b254-f3f5ec8f8971%22:%91%22background_mask_color%22%93}\u00bb][et_pb_text _builder_version=\u00bb4.27.4&#8243; _module_preset=\u00bbdefault\u00bb text_font=\u00bb&#8211;et_global_body_font|300|||||||\u00bb width_tablet=\u00bb\u00bb width_phone=\u00bb100%\u00bb width_last_edited=\u00bbon|phone\u00bb max_width_tablet=\u00bb\u00bb max_width_phone=\u00bb100%\u00bb max_width_last_edited=\u00bbon|phone\u00bb module_alignment=\u00bbleft\u00bb custom_margin=\u00bb58px|||||\u00bb custom_margin_tablet=\u00bb58px|||||\u00bb custom_margin_phone=\u00bb35px||||false|false\u00bb custom_margin_last_edited=\u00bbon|phone\u00bb custom_padding=\u00bb||52px|36px||\u00bb custom_padding_tablet=\u00bb||52px|36px||\u00bb custom_padding_phone=\u00bb||0px|10px|false|false\u00bb custom_padding_last_edited=\u00bbon|phone\u00bb text_font_size_tablet=\u00bb\u00bb text_font_size_phone=\u00bb13px\u00bb text_font_size_last_edited=\u00bbon|phone\u00bb global_colors_info=\u00bb{}\u00bb]<\/p>\n<p>Nacemos de un grupo de profesionales con amplia experiencia en diversas especialidades y sectores, unidos por la visi\u00f3n de ofrecer un servicio personalizado y de alta calidad. Brindamos <strong>consultor\u00eda de primer nivel<\/strong>, adapt\u00e1ndonos a los cambios constantes del mercado para garantizar soluciones eficaces y a medida.<\/p>\n<p>Nuestra filosof\u00eda se basa en la innovaci\u00f3n y la excelencia, por lo que <strong>creamos soluciones innovadoras<\/strong> que optimizan procesos y potencian el crecimiento de nuestros clientes. Adem\u00e1s, <strong>impulsamos la resiliencia empresarial<\/strong>, ayudando a las organizaciones a afrontar desaf\u00edos y evolucionar en un entorno competitivo.<\/p>\n<p>Mas que un servicio, ofrecemos un acompa\u00f1amiento enfocado en el \u00e9xito de cada empresa con la que trabajamos.<\/p>\n<p>[\/et_pb_text][\/et_pb_column][\/et_pb_row][\/et_pb_section][et_pb_section fb_built=\u00bb1&#8243; custom_padding_last_edited=\u00bbon|phone\u00bb module_id=\u00bbTrabajamos\u00bb _builder_version=\u00bb4.27.4&#8243; _module_preset=\u00bbdefault\u00bb background_enable_color=\u00bboff\u00bb width=\u00bb90%\u00bb max_width=\u00bb100%\u00bb module_alignment=\u00bbcenter\u00bb custom_padding=\u00bb4px||5px|||\u00bb custom_padding_tablet=\u00bb4px||5px|||\u00bb custom_padding_phone=\u00bb0px||5px||false|false\u00bb border_radii=\u00bbon|20px|20px|20px|20px\u00bb global_colors_info=\u00bb{%22gcid-heading-color%22:%91%22background_color_gradient_stops%22,%22background_color%22%93,%22gcid-3d66aae8-0674-4e2a-af73-6b345a03aeb4%22:%91%22background_color_gradient_stops%22%93,%22gcid-primary-color%22:%91%22background_color_gradient_stops%22%93}\u00bb][et_pb_row column_structure=\u00bb2_5,3_5&#8243; use_custom_gutter=\u00bbon\u00bb gutter_width=\u00bb2&#8243; custom_padding_last_edited=\u00bbon|phone\u00bb _builder_version=\u00bb4.27.4&#8243; _module_preset=\u00bbdefault\u00bb width=\u00bb95%\u00bb max_width=\u00bb100%\u00bb module_alignment=\u00bbcenter\u00bb custom_margin=\u00bb-1px|0px|70px|0px|false|true\u00bb custom_margin_tablet=\u00bb-1px|0px|70px|0px|false|true\u00bb custom_margin_phone=\u00bb0px|0px|10px|0px|false|true\u00bb custom_margin_last_edited=\u00bbon|phone\u00bb custom_padding=\u00bb0px|0px|0px|0px|true|true\u00bb custom_padding_tablet=\u00bb0px|0px|0px|0px|true|true\u00bb custom_padding_phone=\u00bb0px|0px|0px|0px|true|true\u00bb border_radii=\u00bbon|20px|20px|20px|20px\u00bb global_colors_info=\u00bb{%22gcid-heading-color%22:%91%22background_color_gradient_stops%22%93,%22gcid-primary-color%22:%91%22background_color_gradient_stops%22%93,%22gcid-3d66aae8-0674-4e2a-af73-6b345a03aeb4%22:%91%22background_color_gradient_stops%22%93}\u00bb][et_pb_column type=\u00bb2_5&#8243; _builder_version=\u00bb4.27.0&#8243; _module_preset=\u00bbdefault\u00bb global_colors_info=\u00bb{}\u00bb][et_pb_text _builder_version=\u00bb4.27.4&#8243; _module_preset=\u00bbdefault\u00bb header_2_font=\u00bb&#8211;et_global_heading_font|500|||||||\u00bb header_2_text_color=\u00bbgcid-heading-color\u00bb header_2_font_size=\u00bb20px\u00bb width=\u00bb100%\u00bb max_width=\u00bb100%\u00bb module_alignment=\u00bbcenter\u00bb custom_margin=\u00bb40px||23px|35px|false|false\u00bb custom_margin_tablet=\u00bb40px||23px|35px|false|false\u00bb custom_margin_phone=\u00bb15px||10px|35px|false|false\u00bb custom_margin_last_edited=\u00bbon|phone\u00bb global_colors_info=\u00bb{%22gcid-heading-color%22:%91%22header_2_text_color%22%93}\u00bb]<\/p>\n<h2>EQUIPO<\/h2>\n<p>[\/et_pb_text][et_pb_text _builder_version=\u00bb4.27.4&#8243; _module_preset=\u00bbdefault\u00bb text_text_color=\u00bbgcid-body-color\u00bb width=\u00bb100%\u00bb max_width=\u00bb100%\u00bb module_alignment=\u00bbcenter\u00bb custom_margin=\u00bb||11px|40px|false|false\u00bb text_font_size_tablet=\u00bb\u00bb text_font_size_phone=\u00bb10px\u00bb text_font_size_last_edited=\u00bbon|phone\u00bb global_colors_info=\u00bb{%22gcid-body-color%22:%91%22text_text_color%22%93}\u00bb]<\/p>\n<p><span>Un equipo multidisciplinar est\u00e1 conformado por profesionales de reconocida trayectoria en una diversidad de sectores<\/span><\/p>\n<p>[\/et_pb_text][dsm_icon_list icon_color=\u00bbgcid-primary-color\u00bb list_space_between=\u00bb25px\u00bb list_padding=\u00bb0px||||false|false\u00bb _builder_version=\u00bb4.27.4&#8243; _module_preset=\u00bbdefault\u00bb text_text_color=\u00bbgcid-body-color\u00bb custom_margin=\u00bb43px|||||\u00bb custom_margin_tablet=\u00bb43px|||||\u00bb custom_margin_phone=\u00bb15px||||false|false\u00bb custom_margin_last_edited=\u00bbon|phone\u00bb text_font_size_tablet=\u00bb\u00bb text_font_size_phone=\u00bb10px\u00bb text_font_size_last_edited=\u00bbon|phone\u00bb global_colors_info=\u00bb{%22gcid-primary-color%22:%91%22icon_color%22%93,%22gcid-body-color%22:%91%22text_text_color%22%93}\u00bb][dsm_icon_list_child text=\u00bbCompromiso con el Desarrollo Profesional\u00bb font_icon=\u00bb&#xe007;||divi||400&#8243; icon_color=\u00bbgcid-primary-color\u00bb icon_padding=\u00bb10px\u00bb icon_font_size=\u00bb25px\u00bb _builder_version=\u00bb4.27.4&#8243; _module_preset=\u00bbdefault\u00bb text_font=\u00bb&#8211;et_global_body_font||||||||\u00bb text_text_color=\u00bbgcid-body-color\u00bb global_colors_info=\u00bb{%22gcid-primary-color%22:%91%22icon_color%22%93,%22gcid-body-color%22:%91%22text_text_color%22%93}\u00bb][\/dsm_icon_list_child][dsm_icon_list_child text=\u00bbAnticipaci\u00f3n de Necesidades y Soluciones Innovadoras\u00bb font_icon=\u00bb&#xe00a;||divi||400&#8243; icon_color=\u00bbgcid-primary-color\u00bb icon_padding=\u00bb12px\u00bb icon_font_size=\u00bb20px\u00bb _builder_version=\u00bb4.27.4&#8243; _module_preset=\u00bbdefault\u00bb text_font=\u00bb&#8211;et_global_heading_font|300|||||||\u00bb text_text_color=\u00bbgcid-body-color\u00bb text_font_size=\u00bb15px\u00bb text_font_size_tablet=\u00bb15px\u00bb text_font_size_phone=\u00bb10px\u00bb text_font_size_last_edited=\u00bbon|phone\u00bb global_colors_info=\u00bb{%22gcid-primary-color%22:%91%22icon_color%22%93,%22gcid-body-color%22:%91%22text_text_color%22%93}\u00bb][\/dsm_icon_list_child][dsm_icon_list_child text=\u00bbAdaptaci\u00f3n Estrat\u00e9gica y Actualizaci\u00f3n Permanente\u00bb font_icon=\u00bb&#xe102;||divi||400&#8243; icon_color=\u00bbgcid-primary-color\u00bb icon_padding=\u00bb11px\u00bb icon_font_size=\u00bb20px\u00bb _builder_version=\u00bb4.27.4&#8243; _module_preset=\u00bbdefault\u00bb text_text_color=\u00bbgcid-body-color\u00bb text_font_size=\u00bb15px\u00bb text_font_size_tablet=\u00bb15px\u00bb text_font_size_phone=\u00bb10px\u00bb text_font_size_last_edited=\u00bbon|phone\u00bb global_colors_info=\u00bb{%22gcid-primary-color%22:%91%22icon_color%22%93,%22gcid-body-color%22:%91%22text_text_color%22%93}\u00bb][\/dsm_icon_list_child][\/dsm_icon_list][\/et_pb_column][et_pb_column type=\u00bb3_5&#8243; _builder_version=\u00bb4.27.0&#8243; _module_preset=\u00bbdefault\u00bb custom_padding=\u00bb|||0px|false|false\u00bb global_colors_info=\u00bb{}\u00bb][et_pb_image src=\u00bbhttps:\/\/globalmarzpoint.eu\/wp-content\/uploads\/2024\/10\/Presentacion-Proyecto-Creativo-Moderno-Azul.jpg\u00bb title_text=\u00bbequipo-gmp\u00bb _builder_version=\u00bb4.27.4&#8243; _module_preset=\u00bbdefault\u00bb animation_style=\u00bbslide\u00bb animation_direction=\u00bbright\u00bb animation_duration=\u00bb1400ms\u00bb border_radii=\u00bbon|20px|20px|20px|20px\u00bb global_colors_info=\u00bb{}\u00bb][\/et_pb_image][\/et_pb_column][\/et_pb_row][\/et_pb_section][et_pb_section fb_built=\u00bb1&#8243; custom_padding_last_edited=\u00bbon|phone\u00bb _builder_version=\u00bb4.27.4&#8243; _module_preset=\u00bbdefault\u00bb custom_padding=\u00bb3px||83px|||\u00bb custom_padding_tablet=\u00bb59px||83px|||\u00bb custom_padding_phone=\u00bb0px||10px||false|false\u00bb global_colors_info=\u00bb{}\u00bb][et_pb_row _builder_version=\u00bb4.27.0&#8243; _module_preset=\u00bbdefault\u00bb global_colors_info=\u00bb{}\u00bb][et_pb_column type=\u00bb4_4&#8243; _builder_version=\u00bb4.27.0&#8243; _module_preset=\u00bbdefault\u00bb global_colors_info=\u00bb{}\u00bb][dsm_gradient_text gradient_text=\u00bb\u00bfLISTO PARA TRANSFORMAR TU EMPRESA?\u00bb _builder_version=\u00bb4.27.2&#8243; _module_preset=\u00bbdefault\u00bb header_level=\u00bbh2&#8243; header_font=\u00bb&#8211;et_global_heading_font|500|||||||\u00bb header_text_align=\u00bbcenter\u00bb header_font_size=\u00bb29px\u00bb header_line_height=\u00bb1.3em\u00bb background_color_gradient_direction=\u00bb80deg\u00bb background_color_gradient_stops=\u00bbgcid-heading-color 0%|gcid-primary-color 100%\u00bb max_width=\u00bb49%\u00bb module_alignment=\u00bbcenter\u00bb custom_margin=\u00bb||12px|||\u00bb header_font_size_tablet=\u00bb29px\u00bb header_font_size_phone=\u00bb16px\u00bb header_font_size_last_edited=\u00bbon|phone\u00bb global_colors_info=\u00bb{%22gcid-heading-color%22:%91%22background_color_gradient_stops%22%93,%22gcid-primary-color%22:%91%22background_color_gradient_stops%22%93}\u00bb][\/dsm_gradient_text][et_pb_button button_url=\u00bbhttps:\/\/globalmarzpoint.eu\/contacto\/\u00bb button_text=\u00bbCONTACTANOS\u00bb button_alignment=\u00bbcenter\u00bb _builder_version=\u00bb4.27.4&#8243; _module_preset=\u00bbdefault\u00bb custom_button=\u00bbon\u00bb button_text_size=\u00bb15px\u00bb button_text_color=\u00bbgcid-heading-color\u00bb button_bg_color=\u00bbgcid-9139229d-d414-48b1-8dcf-38e94abf0758&#8243; button_border_width=\u00bb0px\u00bb button_border_radius=\u00bb10px\u00bb button_font=\u00bb&#8211;et_global_body_font|300|||||||\u00bb custom_margin=\u00bb41px||40px|||\u00bb custom_margin_tablet=\u00bb41px||40px|||\u00bb custom_margin_phone=\u00bb0px||20px||false|false\u00bb custom_margin_last_edited=\u00bbon|phone\u00bb button_text_size_tablet=\u00bb15px\u00bb button_text_size_phone=\u00bb7px\u00bb button_text_size_last_edited=\u00bbon|phone\u00bb global_colors_info=\u00bb{%22gcid-heading-color%22:%91%22button_text_color%22%93,%22gcid-9139229d-d414-48b1-8dcf-38e94abf0758%22:%91%22button_bg_color%22%93}\u00bb button_bg_color__hover_enabled=\u00bbon|hover\u00bb button_bg_color__hover=\u00bbRGBA(255,255,255,0)\u00bb button_bg_enable_color__hover=\u00bbon\u00bb][\/et_pb_button][et_pb_text _builder_version=\u00bb4.27.2&#8243; _module_preset=\u00bbdefault\u00bb text_font=\u00bb&#8211;et_global_body_font|300|||||||\u00bb text_line_height=\u00bb1.9em\u00bb header_line_height=\u00bb1.3em\u00bb text_orientation=\u00bbcenter\u00bb width=\u00bb86%\u00bb max_width=\u00bb100%\u00bb module_alignment=\u00bbcenter\u00bb text_font_size_tablet=\u00bb\u00bb text_font_size_phone=\u00bb10px\u00bb text_font_size_last_edited=\u00bbon|phone\u00bb global_colors_info=\u00bb{}\u00bb]<\/p>\n<p><span>En Global Marzpoint, estamos listos para llevar tu empresa al siguiente nivel con nuestras soluciones innovadoras. \u00a1Contacta con nosotros hoy y comienza tu cambio!<\/span><\/p>\n<p>[\/et_pb_text][\/et_pb_column][\/et_pb_row][\/et_pb_section]<\/p>\n","protected":false},"excerpt":{"rendered":"<p><div class=\"et_pb_module dsm_gradient_text dsm_gradient_text_0\">\n\t\t\t\t\n\t\t\t\t\n\t\t\t\t\n\t\t\t\t\n\t\t\t\t\n\t\t\t\t\n\t\t\t\t<div class=\"et_pb_module_inner\">\n\t\t\t\t\t<h1 class=\"dsm-gradient-text et_pb_module_header\">NOSOTROS<\/h1>\n\t\t\t\t<\/div>\n\t\t\t<\/div>Nacemos de un grupo de profesionales con amplia experiencia en diversas especialidades y sectores, unidos por la visi\u00f3n de ofrecer un servicio personalizado y de alta calidad. Brindamos consultor\u00eda de primer nivel, adapt\u00e1ndonos a los cambios constantes del mercado para garantizar soluciones eficaces y a medida. Nuestra filosof\u00eda se basa en la innovaci\u00f3n y la excelencia, por lo que creamos soluciones innovadoras que optimizan procesos y potencian el crecimiento de nuestros clientes. Adem\u00e1s, impulsamos la resiliencia empresarial, ayudando a las organizaciones a afrontar desaf\u00edos y evolucionar en un entorno competitivo. Mas que un servicio, ofrecemos un acompa\u00f1amiento enfocado en el \u00e9xito de cada empresa con la que trabajamos.EQUIPOUn equipo multidisciplinar est\u00e1 conformado por profesionales de reconocida trayectoria en una diversidad de sectores<div class=\"et_pb_module dsm_icon_list dsm_icon_list_0\">\n\t\t\t\t\n\t\t\t\t\n\t\t\t\t\n\t\t\t\t\n\t\t\t\t\n\t\t\t\t\n\t\t\t\t<div class=\"et_pb_module_inner\">\n\t\t\t\t\t<ul class=\"dsm_icon_list_items dsm_icon_list_ltr_direction dsm_icon_list_layout_vertical\"><\/ul>\n\t\t\t\t<\/div>\n\t\t\t<\/div><li class=\"dsm_icon_list_child dsm_icon_list_child_0\">\n\t\t\t\t\n\t\t\t\t\n\t\t\t\t\n\t\t\t\t\n\t\t\t\t<span class=\"dsm_icon_list_wrapper\"><span class=\"dsm_icon_list_icon\">\ue007<\/span><\/span><span class=\"dsm_icon_list_text\">Compromiso con el Desarrollo Profesional<\/span>\n\t\t\t<\/li><li class=\"dsm_icon_list_child dsm_icon_list_child_1\">\n\t\t\t\t\n\t\t\t\t\n\t\t\t\t\n\t\t\t\t\n\t\t\t\t<span class=\"dsm_icon_list_wrapper\"><span class=\"dsm_icon_list_icon\">\ue00a<\/span><\/span><span class=\"dsm_icon_list_text\">Anticipaci\u00f3n de Necesidades y Soluciones Innovadoras<\/span>\n\t\t\t<\/li><li class=\"dsm_icon_list_child dsm_icon_list_child_2\">\n\t\t\t\t\n\t\t\t\t\n\t\t\t\t\n\t\t\t\t\n\t\t\t\t<span class=\"dsm_icon_list_wrapper\"><span class=\"dsm_icon_list_icon\"><\/span><\/span><span class=\"dsm_icon_list_text\">\u00bbAdaptaci\u00f3n<\/span>\n\t\t\t<\/li><\/p>","protected":false},"author":1,"featured_media":0,"parent":0,"menu_order":0,"comment_status":"closed","ping_status":"closed","template":"","meta":{"_acf_changed":false,"_et_pb_use_builder":"on","_et_pb_old_content":"<!-- wp:divi\/placeholder \/-->","_et_gb_content_width":"","footnotes":""},"class_list":["post-41","page","type-page","status-publish","hentry"],"acf":[],"yoast_head":"<!-- This site is optimized with the Yoast SEO plugin v27.2 - https:\/\/yoast.com\/product\/yoast-seo-wordpress\/ -->\n<title>Nosotros - GMP<\/title>\n<meta name=\"robots\" content=\"index, follow, max-snippet:-1, max-image-preview:large, max-video-preview:-1\" \/>\n<link rel=\"canonical\" href=\"https:\/\/globalmarzpoint.eu\/en\/nosotros\/\" \/>\n<meta property=\"og:locale\" content=\"en_GB\" \/>\n<meta property=\"og:type\" content=\"article\" \/>\n<meta property=\"og:title\" content=\"Nosotros - GMP\" \/>\n<meta property=\"og:description\" content=\"Nacemos de un grupo de profesionales con amplia experiencia en diversas especialidades y sectores, unidos por la visi\u00f3n de ofrecer un servicio personalizado y de alta calidad. Brindamos consultor\u00eda de primer nivel, adapt\u00e1ndonos a los cambios constantes del mercado para garantizar soluciones eficaces y a medida. Nuestra filosof\u00eda se basa en la innovaci\u00f3n y la excelencia, por lo que creamos soluciones innovadoras que optimizan procesos y potencian el crecimiento de nuestros clientes. Adem\u00e1s, impulsamos la resiliencia empresarial, ayudando a las organizaciones a afrontar desaf\u00edos y evolucionar en un entorno competitivo. Mas que un servicio, ofrecemos un acompa\u00f1amiento enfocado en el \u00e9xito de cada empresa con la que trabajamos.EQUIPOUn equipo multidisciplinar est\u00e1 conformado por profesionales de reconocida trayectoria en una diversidad de sectores\" \/>\n<meta property=\"og:url\" content=\"https:\/\/globalmarzpoint.eu\/en\/nosotros\/\" \/>\n<meta property=\"og:site_name\" content=\"GMP\" \/>\n<meta property=\"article:modified_time\" content=\"2025-04-29T09:39:55+00:00\" \/>\n<meta name=\"twitter:card\" content=\"summary_large_image\" \/>\n<script type=\"application\/ld+json\" class=\"yoast-schema-graph\">{\"@context\":\"https:\/\/schema.org\",\"@graph\":[{\"@type\":\"WebPage\",\"@id\":\"https:\/\/globalmarzpoint.eu\/nosotros\/\",\"url\":\"https:\/\/globalmarzpoint.eu\/nosotros\/\",\"name\":\"Nosotros - GMP\",\"isPartOf\":{\"@id\":\"https:\/\/globalmarzpoint.eu\/#website\"},\"datePublished\":\"2024-07-23T09:54:17+00:00\",\"dateModified\":\"2025-04-29T09:39:55+00:00\",\"breadcrumb\":{\"@id\":\"https:\/\/globalmarzpoint.eu\/nosotros\/#breadcrumb\"},\"inLanguage\":\"en-GB\",\"potentialAction\":[{\"@type\":\"ReadAction\",\"target\":[\"https:\/\/globalmarzpoint.eu\/nosotros\/\"]}]},{\"@type\":\"BreadcrumbList\",\"@id\":\"https:\/\/globalmarzpoint.eu\/nosotros\/#breadcrumb\",\"itemListElement\":[{\"@type\":\"ListItem\",\"position\":1,\"name\":\"Inicio\",\"item\":\"https:\/\/globalmarzpoint.eu\/\"},{\"@type\":\"ListItem\",\"position\":2,\"name\":\"Nosotros\"}]},{\"@type\":\"WebSite\",\"@id\":\"https:\/\/globalmarzpoint.eu\/#website\",\"url\":\"https:\/\/globalmarzpoint.eu\/\",\"name\":\"GMP\",\"description\":\"Consultor\u00eda de administraci\u00f3n de empresas en Barcelona. Optimiza gesti\u00f3n, finanzas y estrategia empresarial con asesoramiento experto para crecer con control.\",\"potentialAction\":[{\"@type\":\"SearchAction\",\"target\":{\"@type\":\"EntryPoint\",\"urlTemplate\":\"https:\/\/globalmarzpoint.eu\/?s={search_term_string}\"},\"query-input\":{\"@type\":\"PropertyValueSpecification\",\"valueRequired\":true,\"valueName\":\"search_term_string\"}}],\"inLanguage\":\"en-GB\"}]}<\/script>\n<!-- \/ Yoast SEO plugin. -->","yoast_head_json":{"title":"Nosotros - GMP","robots":{"index":"index","follow":"follow","max-snippet":"max-snippet:-1","max-image-preview":"max-image-preview:large","max-video-preview":"max-video-preview:-1"},"canonical":"https:\/\/globalmarzpoint.eu\/en\/nosotros\/","og_locale":"en_GB","og_type":"article","og_title":"Nosotros - GMP","og_description":"Nacemos de un grupo de profesionales con amplia experiencia en diversas especialidades y sectores, unidos por la visi\u00f3n de ofrecer un servicio personalizado y de alta calidad. Brindamos consultor\u00eda de primer nivel, adapt\u00e1ndonos a los cambios constantes del mercado para garantizar soluciones eficaces y a medida. Nuestra filosof\u00eda se basa en la innovaci\u00f3n y la excelencia, por lo que creamos soluciones innovadoras que optimizan procesos y potencian el crecimiento de nuestros clientes. Adem\u00e1s, impulsamos la resiliencia empresarial, ayudando a las organizaciones a afrontar desaf\u00edos y evolucionar en un entorno competitivo. Mas que un servicio, ofrecemos un acompa\u00f1amiento enfocado en el \u00e9xito de cada empresa con la que trabajamos.EQUIPOUn equipo multidisciplinar est\u00e1 conformado por profesionales de reconocida trayectoria en una diversidad de sectores","og_url":"https:\/\/globalmarzpoint.eu\/en\/nosotros\/","og_site_name":"GMP","article_modified_time":"2025-04-29T09:39:55+00:00","twitter_card":"summary_large_image","schema":{"@context":"https:\/\/schema.org","@graph":[{"@type":"WebPage","@id":"https:\/\/globalmarzpoint.eu\/nosotros\/","url":"https:\/\/globalmarzpoint.eu\/nosotros\/","name":"Nosotros - GMP","isPartOf":{"@id":"https:\/\/globalmarzpoint.eu\/#website"},"datePublished":"2024-07-23T09:54:17+00:00","dateModified":"2025-04-29T09:39:55+00:00","breadcrumb":{"@id":"https:\/\/globalmarzpoint.eu\/nosotros\/#breadcrumb"},"inLanguage":"en-GB","potentialAction":[{"@type":"ReadAction","target":["https:\/\/globalmarzpoint.eu\/nosotros\/"]}]},{"@type":"BreadcrumbList","@id":"https:\/\/globalmarzpoint.eu\/nosotros\/#breadcrumb","itemListElement":[{"@type":"ListItem","position":1,"name":"Inicio","item":"https:\/\/globalmarzpoint.eu\/"},{"@type":"ListItem","position":2,"name":"Nosotros"}]},{"@type":"WebSite","@id":"https:\/\/globalmarzpoint.eu\/#website","url":"https:\/\/globalmarzpoint.eu\/","name":"GMP","description":"Consultor\u00eda de administraci\u00f3n de empresas en Barcelona. Optimiza gesti\u00f3n, finanzas y estrategia empresarial con asesoramiento experto para crecer con control.","potentialAction":[{"@type":"SearchAction","target":{"@type":"EntryPoint","urlTemplate":"https:\/\/globalmarzpoint.eu\/?s={search_term_string}"},"query-input":{"@type":"PropertyValueSpecification","valueRequired":true,"valueName":"search_term_string"}}],"inLanguage":"en-GB"}]}},"_links":{"self":[{"href":"https:\/\/globalmarzpoint.eu\/en\/wp-json\/wp\/v2\/pages\/41","targetHints":{"allow":["GET"]}}],"collection":[{"href":"https:\/\/globalmarzpoint.eu\/en\/wp-json\/wp\/v2\/pages"}],"about":[{"href":"https:\/\/globalmarzpoint.eu\/en\/wp-json\/wp\/v2\/types\/page"}],"author":[{"embeddable":true,"href":"https:\/\/globalmarzpoint.eu\/en\/wp-json\/wp\/v2\/users\/1"}],"replies":[{"embeddable":true,"href":"https:\/\/globalmarzpoint.eu\/en\/wp-json\/wp\/v2\/comments?post=41"}],"version-history":[{"count":47,"href":"https:\/\/globalmarzpoint.eu\/en\/wp-json\/wp\/v2\/pages\/41\/revisions"}],"predecessor-version":[{"id":1326,"href":"https:\/\/globalmarzpoint.eu\/en\/wp-json\/wp\/v2\/pages\/41\/revisions\/1326"}],"wp:attachment":[{"href":"https:\/\/globalmarzpoint.eu\/en\/wp-json\/wp\/v2\/media?parent=41"}],"curies":[{"name":"wp","href":"https:\/\/api.w.org\/{rel}","templated":true}]}}